{"id":20,"date":"2025-07-03T11:22:41","date_gmt":"2025-07-03T11:22:41","guid":{"rendered":"https:\/\/www.starlitlakes.fi\/?page_id=20"},"modified":"2025-07-03T11:22:42","modified_gmt":"2025-07-03T11:22:42","slug":"jotain-meista","status":"publish","type":"page","link":"https:\/\/www.starlitlakes.fi\/index.php\/jotain-meista\/","title":{"rendered":"Jotain meist\u00e4"},"content":{"rendered":"\n<div class=\"wp-block-buttons is-layout-flex wp-block-buttons-is-layout-flex\">\n<div class=\"wp-block-button\"><a class=\"wp-block-button__link wp-element-button\" href=\"https:\/\/www.starlitlakes.fi\/?page_id=17&amp;preview=true\">Etusivu<\/a><\/div>\n<\/div>\n\n\n\n<p class=\"has-text-align-center\">Kasvatamme pienimuotoisesti novascotiannoutajia eli tollereita.<\/p>\n\n\n\n<p class=\"has-text-align-center\">Suoritin kasvattajakurssin vuonna 2004 ja tunnistusmerkitsij\u00e4oikeudet sain tammikuussa 2010.<\/p>\n\n\n\n<p class=\"has-text-align-center\">Kasvatusty\u00f6n tarkoituksena on kasvattaa terveit\u00e4, hyv\u00e4luonteisia ja rodunomaisia koiria. <\/p>\n\n\n\n<p class=\"has-text-align-center\">Asumme Utaj\u00e4rven Juorkunassa Marttisj\u00e4rven rannalla, joten t\u00e4\u00e4ll\u00e4 on oivat puitteet koiraharrastukselle.<\/p>\n\n\n\n<p class=\"has-text-align-center\">Vuonna 1990 rakensimme m\u00f6kin t\u00e4nne mieheni kotikonnuille. Asuimme silloin Raahessa, minun kotiseudulla.<\/p>\n\n\n\n<p class=\"has-text-align-center\">Vietimme t\u00e4\u00e4ll\u00e4 kaikki viikonloput ja lomat. Haaveena oli joskus muuttaa t\u00e4nne pysyv\u00e4sti.<\/p>\n\n\n\n<p class=\"has-text-align-center\">Kev\u00e4\u00e4ll\u00e4 1997 toteutimme pitk\u00e4aikaisen haaveemme ja p\u00e4\u00e4timme pakata kamppeemme ja muuttaa m\u00f6kille.<\/p>\n\n\n\n<p><\/p>\n\n\n\n<figure class=\"wp-block-image size-large\"><img loading=\"lazy\" decoding=\"async\" width=\"768\" height=\"1024\" src=\"https:\/\/www.starlitlakes.fi\/wp-content\/uploads\/2025\/07\/IMG_20200930_204913-768x1024.jpg\" alt=\"\" class=\"wp-image-22\" srcset=\"https:\/\/www.starlitlakes.fi\/wp-content\/uploads\/2025\/07\/IMG_20200930_204913-768x1024.jpg 768w, https:\/\/www.starlitlakes.fi\/wp-content\/uploads\/2025\/07\/IMG_20200930_204913-225x300.jpg 225w, https:\/\/www.starlitlakes.fi\/wp-content\/uploads\/2025\/07\/IMG_20200930_204913-1152x1536.jpg 1152w, https:\/\/www.starlitlakes.fi\/wp-content\/uploads\/2025\/07\/IMG_20200930_204913-1536x2048.jpg 1536w, https:\/\/www.starlitlakes.fi\/wp-content\/uploads\/2025\/07\/IMG_20200930_204913-scaled.jpg 1920w\" sizes=\"auto, (max-width: 768px) 100vw, 768px\" \/><figcaption class=\"wp-element-caption\">sdr<\/figcaption><\/figure>\n\n\n\n<p class=\"has-text-align-center\"><\/p>\n\n\n\n<p class=\"has-text-align-center\">Juorkuna on pieni hiljaiseloa viett\u00e4v\u00e4 kyl\u00e4 Utaj\u00e4rven kunnassa.<\/p>\n\n\n\n<p class=\"has-text-align-center\">Asiointimatkaa kauppaan, apteekkiin, l\u00e4\u00e4k\u00e4riin tms. <\/p>\n\n\n\n<p class=\"has-text-align-center\">kertyy n. 110 km mutkin.<\/p>\n\n\n\n<p class=\"has-text-align-center\"><\/p>\n\n\n\n<p class=\"has-text-align-center\">Meille on Oulusta matkaa n. 118 km. &#8221;L\u00e4hell\u00e4&#8221; ovat my\u00f6s Ylikiiminki, Pudasj\u00e4rvi ja Puolanka, joihin kuhunkin matkaa n. 50 km.<\/p>\n\n\n\n<p><\/p>\n\n\n\n<p><\/p>\n\n\n\n<figure class=\"wp-block-image size-large\"><img loading=\"lazy\" decoding=\"async\" width=\"1024\" height=\"536\" src=\"https:\/\/www.starlitlakes.fi\/wp-content\/uploads\/2025\/07\/koti-1024x536.jpg\" alt=\"\" class=\"wp-image-180\" srcset=\"https:\/\/www.starlitlakes.fi\/wp-content\/uploads\/2025\/07\/koti-1024x536.jpg 1024w, https:\/\/www.starlitlakes.fi\/wp-content\/uploads\/2025\/07\/koti-300x157.jpg 300w, https:\/\/www.starlitlakes.fi\/wp-content\/uploads\/2025\/07\/koti-768x402.jpg 768w, https:\/\/www.starlitlakes.fi\/wp-content\/uploads\/2025\/07\/koti-1536x804.jpg 1536w, https:\/\/www.starlitlakes.fi\/wp-content\/uploads\/2025\/07\/koti-2048x1072.jpg 2048w\" sizes=\"auto, (max-width: 1024px) 100vw, 1024px\" \/><\/figure>\n\n\n\n<figure class=\"wp-block-image size-large\"><img loading=\"lazy\" decoding=\"async\" width=\"1024\" height=\"768\" src=\"https:\/\/www.starlitlakes.fi\/wp-content\/uploads\/2025\/07\/IMG_20200829_120804-1024x768.jpg\" alt=\"\" class=\"wp-image-178\" srcset=\"https:\/\/www.starlitlakes.fi\/wp-content\/uploads\/2025\/07\/IMG_20200829_120804-1024x768.jpg 1024w, https:\/\/www.starlitlakes.fi\/wp-content\/uploads\/2025\/07\/IMG_20200829_120804-300x225.jpg 300w, https:\/\/www.starlitlakes.fi\/wp-content\/uploads\/2025\/07\/IMG_20200829_120804-768x576.jpg 768w, https:\/\/www.starlitlakes.fi\/wp-content\/uploads\/2025\/07\/IMG_20200829_120804-1536x1152.jpg 1536w, https:\/\/www.starlitlakes.fi\/wp-content\/uploads\/2025\/07\/IMG_20200829_120804-2048x1536.jpg 2048w\" sizes=\"auto, (max-width: 1024px) 100vw, 1024px\" \/><\/figure>\n\n\n\n<figure class=\"wp-block-image size-large\"><img loading=\"lazy\" decoding=\"async\" width=\"1024\" height=\"768\" src=\"https:\/\/www.starlitlakes.fi\/wp-content\/uploads\/2025\/07\/IMG_20200622_214711-1024x768.jpg\" alt=\"\" class=\"wp-image-177\" srcset=\"https:\/\/www.starlitlakes.fi\/wp-content\/uploads\/2025\/07\/IMG_20200622_214711-1024x768.jpg 1024w, https:\/\/www.starlitlakes.fi\/wp-content\/uploads\/2025\/07\/IMG_20200622_214711-300x225.jpg 300w, https:\/\/www.starlitlakes.fi\/wp-content\/uploads\/2025\/07\/IMG_20200622_214711-768x576.jpg 768w, https:\/\/www.starlitlakes.fi\/wp-content\/uploads\/2025\/07\/IMG_20200622_214711-1536x1152.jpg 1536w, https:\/\/www.starlitlakes.fi\/wp-content\/uploads\/2025\/07\/IMG_20200622_214711-2048x1536.jpg 2048w\" sizes=\"auto, (max-width: 1024px) 100vw, 1024px\" \/><figcaption class=\"wp-element-caption\">sdr<\/figcaption><\/figure>\n","protected":false},"excerpt":{"rendered":"<p>Kasvatamme pienimuotoisesti novascotiannoutajia eli tollereita. Suoritin kasvattajakurssin vuonna 2004 ja tunnistusmerkitsij\u00e4oikeudet sain tammikuussa 2010. Kasvatusty\u00f6n tarkoituksena on kasvattaa terveit\u00e4, hyv\u00e4luonteisia ja rodunomaisia koiria. Asumme Utaj\u00e4rven Juorkunassa Marttisj\u00e4rven rannalla, joten t\u00e4\u00e4ll\u00e4 on oivat puitteet koiraharrastukselle. Vuonna 1990 rakensimme m\u00f6kin t\u00e4nne mieheni kotikonnuille. Asuimme silloin Raahessa, minun kotiseudulla. Vietimme t\u00e4\u00e4ll\u00e4 kaikki viikonloput ja lomat. Haaveena oli joskus [&hellip;]<\/p>\n","protected":false},"author":1,"featured_media":0,"parent":0,"menu_order":0,"comment_status":"closed","ping_status":"closed","template":"","meta":{"footnotes":""},"class_list":["post-20","page","type-page","status-publish","hentry"],"_links":{"self":[{"href":"https:\/\/www.starlitlakes.fi\/index.php\/wp-json\/wp\/v2\/pages\/20","targetHints":{"allow":["GET"]}}],"collection":[{"href":"https:\/\/www.starlitlakes.fi\/index.php\/wp-json\/wp\/v2\/pages"}],"about":[{"href":"https:\/\/www.starlitlakes.fi\/index.php\/wp-json\/wp\/v2\/types\/page"}],"author":[{"embeddable":true,"href":"https:\/\/www.starlitlakes.fi\/index.php\/wp-json\/wp\/v2\/users\/1"}],"replies":[{"embeddable":true,"href":"https:\/\/www.starlitlakes.fi\/index.php\/wp-json\/wp\/v2\/comments?post=20"}],"version-history":[{"count":8,"href":"https:\/\/www.starlitlakes.fi\/index.php\/wp-json\/wp\/v2\/pages\/20\/revisions"}],"predecessor-version":[{"id":182,"href":"https:\/\/www.starlitlakes.fi\/index.php\/wp-json\/wp\/v2\/pages\/20\/revisions\/182"}],"wp:attachment":[{"href":"https:\/\/www.starlitlakes.fi\/index.php\/wp-json\/wp\/v2\/media?parent=20"}],"curies":[{"name":"wp","href":"https:\/\/api.w.org\/{rel}","templated":true}]}}