{"id":51,"date":"2025-07-03T12:01:19","date_gmt":"2025-07-03T12:01:19","guid":{"rendered":"https:\/\/www.starlitlakes.fi\/?page_id=51"},"modified":"2025-07-03T12:01:20","modified_gmt":"2025-07-03T12:01:20","slug":"tunnistusmerkinta","status":"publish","type":"page","link":"https:\/\/www.starlitlakes.fi\/index.php\/tunnistusmerkinta\/","title":{"rendered":"Tunnistusmerkint\u00e4"},"content":{"rendered":"\n<div class=\"wp-block-buttons is-layout-flex wp-block-buttons-is-layout-flex\">\n<div class=\"wp-block-button\"><a class=\"wp-block-button__link wp-element-button\" href=\"https:\/\/www.starlitlakes.fi\/?page_id=17&amp;preview=true\">Etusivu<\/a><\/div>\n<\/div>\n\n\n\n<p class=\"has-text-align-center\">Olen Suomen Kennelliiton hyv\u00e4ksym\u00e4 <\/p>\n\n\n\n<p class=\"has-text-align-center\">tunnistusmerkitsij\u00e4<\/p>\n\n\n\n<p class=\"has-text-align-center\">(mikrosiru)<\/p>\n\n\n\n<p class=\"has-text-align-center\">TM nro 5506<\/p>\n\n\n\n<figure class=\"wp-block-image size-large\"><img loading=\"lazy\" decoding=\"async\" width=\"767\" height=\"1024\" src=\"https:\/\/www.starlitlakes.fi\/wp-content\/uploads\/2025\/07\/IMG_20200928_193226-767x1024.jpg\" alt=\"\" class=\"wp-image-59\" srcset=\"https:\/\/www.starlitlakes.fi\/wp-content\/uploads\/2025\/07\/IMG_20200928_193226-767x1024.jpg 767w, https:\/\/www.starlitlakes.fi\/wp-content\/uploads\/2025\/07\/IMG_20200928_193226-225x300.jpg 225w, https:\/\/www.starlitlakes.fi\/wp-content\/uploads\/2025\/07\/IMG_20200928_193226-768x1025.jpg 768w, https:\/\/www.starlitlakes.fi\/wp-content\/uploads\/2025\/07\/IMG_20200928_193226-1151x1536.jpg 1151w, https:\/\/www.starlitlakes.fi\/wp-content\/uploads\/2025\/07\/IMG_20200928_193226-1534x2048.jpg 1534w, https:\/\/www.starlitlakes.fi\/wp-content\/uploads\/2025\/07\/IMG_20200928_193226.jpg 1899w\" sizes=\"auto, (max-width: 767px) 100vw, 767px\" \/><figcaption class=\"wp-element-caption\">sdr<\/figcaption><\/figure>\n","protected":false},"excerpt":{"rendered":"<p>Olen Suomen Kennelliiton hyv\u00e4ksym\u00e4 tunnistusmerkitsij\u00e4 (mikrosiru) TM nro 5506<\/p>\n","protected":false},"author":1,"featured_media":0,"parent":0,"menu_order":0,"comment_status":"closed","ping_status":"closed","template":"","meta":{"footnotes":""},"class_list":["post-51","page","type-page","status-publish","hentry"],"_links":{"self":[{"href":"https:\/\/www.starlitlakes.fi\/index.php\/wp-json\/wp\/v2\/pages\/51","targetHints":{"allow":["GET"]}}],"collection":[{"href":"https:\/\/www.starlitlakes.fi\/index.php\/wp-json\/wp\/v2\/pages"}],"about":[{"href":"https:\/\/www.starlitlakes.fi\/index.php\/wp-json\/wp\/v2\/types\/page"}],"author":[{"embeddable":true,"href":"https:\/\/www.starlitlakes.fi\/index.php\/wp-json\/wp\/v2\/users\/1"}],"replies":[{"embeddable":true,"href":"https:\/\/www.starlitlakes.fi\/index.php\/wp-json\/wp\/v2\/comments?post=51"}],"version-history":[{"count":3,"href":"https:\/\/www.starlitlakes.fi\/index.php\/wp-json\/wp\/v2\/pages\/51\/revisions"}],"predecessor-version":[{"id":166,"href":"https:\/\/www.starlitlakes.fi\/index.php\/wp-json\/wp\/v2\/pages\/51\/revisions\/166"}],"wp:attachment":[{"href":"https:\/\/www.starlitlakes.fi\/index.php\/wp-json\/wp\/v2\/media?parent=51"}],"curies":[{"name":"wp","href":"https:\/\/api.w.org\/{rel}","templated":true}]}}